{"id":5090,"date":"2020-03-04T15:49:25","date_gmt":"2020-03-04T14:49:25","guid":{"rendered":"https:\/\/www.lepetitatelierdelily.fr\/?post_type=product&#038;p=5090"},"modified":"2024-11-22T17:23:04","modified_gmt":"2024-11-22T16:23:04","slug":"bracelets-personnalisables","status":"publish","type":"product","link":"https:\/\/www.lepetitatelierdelily.fr\/?product=bracelets-personnalisables","title":{"rendered":"BRACELETS PERSONNALISABLES"},"content":{"rendered":"<div class=\"product-name\">\n<h4>&#8211; Bracelet fantaisie avec 3 pendentifs carr\u00e9s en m\u00e9tal argent\u00e9<\/h4>\n<\/div>\n<div class=\"std short-description\">D\u00e9couvrez un bracelet personnalisable compos\u00e9 de 3 pendentifs carr\u00e9s \u00e0 personnaliser avec des photos de votre choix.<br \/>\nN\u2019h\u00e9sitez pas \u00e0 le personnaliser selon vos envies et vos go\u00fbts ! Il est parfait \u00e0 offrir pour les femmes et filles<\/div>\n<div>\n<ul>\n<li>Longueur ajustable : env. 24 cm<\/li>\n<li>Surface de marquage (une plaque): 16 x 16 mm<\/li>\n<\/ul>\n<\/div>\n<div>\n<div class=\"product-name\">\n<h4>&#8211; Bracelet avec 5 pendentifs ronds en m\u00e9tal argent\u00e9<\/h4>\n<\/div>\n<div class=\"std short-description\">Le bracelet en m\u00e9tal argent\u00e9 est compos\u00e9 de 5 ronds \u00e0 personnaliser avec des photos de votre choix..<\/div>\n<div>\n<ul>\n<li>Longueur ajustable : env. 24 cm<\/li>\n<li>Surface de marquage (une plaque): 18 x 18 mm<\/li>\n<\/ul>\n<\/div>\n<\/div>\n","protected":false},"excerpt":{"rendered":"<p>&#8211; Bracelet fantaisie avec 3 pendentifs carr\u00e9s en m\u00e9tal argent\u00e9 D\u00e9couvrez un bracelet personnalisable compos\u00e9 de 3 pendentifs carr\u00e9s \u00e0 personnaliser avec des photos de votre choix.<br \/> N\u2019h\u00e9sitez pas \u00e0 le personnaliser selon vos envies et vos go\u00fbts ! Il est parfait \u00e0 offrir pour les femmes et filles Longueur ajustable : env.<br \/> 24 cm Surface de marquage (une plaque): 16 x 16 mm &#8211; Bracelet avec 5 pendentifs ronds en m\u00e9tal argent\u00e9 Le bracelet en m\u00e9tal argent\u00e9 est compos\u00e9 de 5 ronds \u00e0 personnaliser avec des photos de votre choix.<br \/>.<br \/> Longueur ajustable : env.<br \/> 24 cm Surface de marquage (une plaque): 18 x 18 mm<\/p>\n","protected":false},"featured_media":5048,"comment_status":"open","ping_status":"closed","template":"","meta":{"remove_blocks_before_content":false,"remove_blocks_after_content":false,"countdown_timer_date_events":"","disable_reading_progress_bar":false},"product_brand":[],"product_cat":[72,89],"product_tag":[],"class_list":{"0":"post-5090","1":"product","2":"type-product","3":"status-publish","4":"has-post-thumbnail","6":"product_cat-articles-personn","7":"product_cat-divers","9":"first","10":"instock","11":"taxable","12":"shipping-taxable","13":"purchasable","14":"product-type-variable"},"yoast_head":"<!-- This site is optimized with the Yoast SEO plugin v27.4 - https:\/\/yoast.com\/product\/yoast-seo-wordpress\/ -->\n<title>BRACELETS PERSONNALISABLES - Le petit atelier de Lily<\/title>\n<meta name=\"robots\" content=\"index, follow, max-snippet:-1, max-image-preview:large, max-video-preview:-1\" \/>\n<link rel=\"canonical\" href=\"https:\/\/www.lepetitatelierdelily.fr\/?product=bracelets-personnalisables\" \/>\n<meta property=\"og:locale\" content=\"fr_FR\" \/>\n<meta property=\"og:type\" content=\"article\" \/>\n<meta property=\"og:title\" content=\"BRACELETS PERSONNALISABLES - Le petit atelier de Lily\" \/>\n<meta property=\"og:description\" content=\"&#8211; Bracelet fantaisie avec 3 pendentifs carr\u00e9s en m\u00e9tal argent\u00e9 D\u00e9couvrez un bracelet personnalisable compos\u00e9 de 3 pendentifs carr\u00e9s \u00e0 personnaliser avec des photos de votre choix. N\u2019h\u00e9sitez pas \u00e0 le personnaliser selon vos envies et vos go\u00fbts ! Il est parfait \u00e0 offrir pour les femmes et filles Longueur ajustable : env. 24 cm Surface de marquage (une plaque): 16 x 16 mm &#8211; Bracelet avec 5 pendentifs ronds en m\u00e9tal argent\u00e9 Le bracelet en m\u00e9tal argent\u00e9 est compos\u00e9 de 5 ronds \u00e0 personnaliser avec des photos de votre choix.. Longueur ajustable : env. 24 cm Surface de marquage (une plaque): 18 x 18 mm\" \/>\n<meta property=\"og:url\" content=\"https:\/\/www.lepetitatelierdelily.fr\/?product=bracelets-personnalisables\" \/>\n<meta property=\"og:site_name\" content=\"Le petit atelier de Lily\" \/>\n<meta property=\"article:publisher\" content=\"https:\/\/www.facebook.com\/lepetitatelierdelily\/?ref=bookmarks\" \/>\n<meta property=\"article:modified_time\" content=\"2024-11-22T16:23:04+00:00\" \/>\n<meta property=\"og:image\" content=\"https:\/\/i2.wp.com\/www.lepetitatelierdelily.fr\/wp-content\/uploads\/2020\/03\/Le-petit-atelier-de-Lily-bracelet-personnalis\u00e9-1.jpg?fit=708%2C600&ssl=1\" \/>\n\t<meta property=\"og:image:width\" content=\"708\" \/>\n\t<meta property=\"og:image:height\" content=\"600\" \/>\n\t<meta property=\"og:image:type\" content=\"image\/jpeg\" \/>\n<meta name=\"twitter:card\" content=\"summary_large_image\" \/>\n<script type=\"application\/ld+json\" class=\"yoast-schema-graph\">{\"@context\":\"https:\\\/\\\/schema.org\",\"@graph\":[{\"@type\":\"WebPage\",\"@id\":\"https:\\\/\\\/www.lepetitatelierdelily.fr\\\/?product=bracelets-personnalisables\",\"url\":\"https:\\\/\\\/www.lepetitatelierdelily.fr\\\/?product=bracelets-personnalisables\",\"name\":\"BRACELETS PERSONNALISABLES - Le petit atelier de Lily\",\"isPartOf\":{\"@id\":\"https:\\\/\\\/www.lepetitatelierdelily.fr\\\/#website\"},\"primaryImageOfPage\":{\"@id\":\"https:\\\/\\\/www.lepetitatelierdelily.fr\\\/?product=bracelets-personnalisables#primaryimage\"},\"image\":{\"@id\":\"https:\\\/\\\/www.lepetitatelierdelily.fr\\\/?product=bracelets-personnalisables#primaryimage\"},\"thumbnailUrl\":\"https:\\\/\\\/i0.wp.com\\\/www.lepetitatelierdelily.fr\\\/wp-content\\\/uploads\\\/2020\\\/03\\\/Le-petit-atelier-de-Lily-bracelet-personnalis%C3%A9-1.jpg?fit=708%2C600&ssl=1\",\"datePublished\":\"2020-03-04T14:49:25+00:00\",\"dateModified\":\"2024-11-22T16:23:04+00:00\",\"breadcrumb\":{\"@id\":\"https:\\\/\\\/www.lepetitatelierdelily.fr\\\/?product=bracelets-personnalisables#breadcrumb\"},\"inLanguage\":\"fr-FR\",\"potentialAction\":[{\"@type\":\"ReadAction\",\"target\":[\"https:\\\/\\\/www.lepetitatelierdelily.fr\\\/?product=bracelets-personnalisables\"]}]},{\"@type\":\"ImageObject\",\"inLanguage\":\"fr-FR\",\"@id\":\"https:\\\/\\\/www.lepetitatelierdelily.fr\\\/?product=bracelets-personnalisables#primaryimage\",\"url\":\"https:\\\/\\\/i0.wp.com\\\/www.lepetitatelierdelily.fr\\\/wp-content\\\/uploads\\\/2020\\\/03\\\/Le-petit-atelier-de-Lily-bracelet-personnalis%C3%A9-1.jpg?fit=708%2C600&ssl=1\",\"contentUrl\":\"https:\\\/\\\/i0.wp.com\\\/www.lepetitatelierdelily.fr\\\/wp-content\\\/uploads\\\/2020\\\/03\\\/Le-petit-atelier-de-Lily-bracelet-personnalis%C3%A9-1.jpg?fit=708%2C600&ssl=1\",\"width\":708,\"height\":600,\"caption\":\"Le petit atelier de Lily bracelet personnalis\u00e9 (1)\"},{\"@type\":\"BreadcrumbList\",\"@id\":\"https:\\\/\\\/www.lepetitatelierdelily.fr\\\/?product=bracelets-personnalisables#breadcrumb\",\"itemListElement\":[{\"@type\":\"ListItem\",\"position\":1,\"name\":\"Accueil\",\"item\":\"https:\\\/\\\/www.lepetitatelierdelily.fr\\\/\"},{\"@type\":\"ListItem\",\"position\":2,\"name\":\"BOUTIQUE\",\"item\":\"https:\\\/\\\/www.lepetitatelierdelily.fr\\\/?page_id=191\"},{\"@type\":\"ListItem\",\"position\":3,\"name\":\"BRACELETS PERSONNALISABLES\"}]},{\"@type\":\"WebSite\",\"@id\":\"https:\\\/\\\/www.lepetitatelierdelily.fr\\\/#website\",\"url\":\"https:\\\/\\\/www.lepetitatelierdelily.fr\\\/\",\"name\":\"Le petit atelier de Lily\",\"description\":\"Les STRASS sont l\u00e0 de jour, comme de nuit !\",\"potentialAction\":[{\"@type\":\"SearchAction\",\"target\":{\"@type\":\"EntryPoint\",\"urlTemplate\":\"https:\\\/\\\/www.lepetitatelierdelily.fr\\\/?s={search_term_string}\"},\"query-input\":{\"@type\":\"PropertyValueSpecification\",\"valueRequired\":true,\"valueName\":\"search_term_string\"}}],\"inLanguage\":\"fr-FR\"}]}<\/script>\n<!-- \/ Yoast SEO plugin. -->","yoast_head_json":{"title":"BRACELETS PERSONNALISABLES - Le petit atelier de Lily","robots":{"index":"index","follow":"follow","max-snippet":"max-snippet:-1","max-image-preview":"max-image-preview:large","max-video-preview":"max-video-preview:-1"},"canonical":"https:\/\/www.lepetitatelierdelily.fr\/?product=bracelets-personnalisables","og_locale":"fr_FR","og_type":"article","og_title":"BRACELETS PERSONNALISABLES - Le petit atelier de Lily","og_description":"&#8211; Bracelet fantaisie avec 3 pendentifs carr\u00e9s en m\u00e9tal argent\u00e9 D\u00e9couvrez un bracelet personnalisable compos\u00e9 de 3 pendentifs carr\u00e9s \u00e0 personnaliser avec des photos de votre choix. N\u2019h\u00e9sitez pas \u00e0 le personnaliser selon vos envies et vos go\u00fbts ! Il est parfait \u00e0 offrir pour les femmes et filles Longueur ajustable : env. 24 cm Surface de marquage (une plaque): 16 x 16 mm &#8211; Bracelet avec 5 pendentifs ronds en m\u00e9tal argent\u00e9 Le bracelet en m\u00e9tal argent\u00e9 est compos\u00e9 de 5 ronds \u00e0 personnaliser avec des photos de votre choix.. Longueur ajustable : env. 24 cm Surface de marquage (une plaque): 18 x 18 mm","og_url":"https:\/\/www.lepetitatelierdelily.fr\/?product=bracelets-personnalisables","og_site_name":"Le petit atelier de Lily","article_publisher":"https:\/\/www.facebook.com\/lepetitatelierdelily\/?ref=bookmarks","article_modified_time":"2024-11-22T16:23:04+00:00","og_image":[{"width":708,"height":600,"url":"https:\/\/i2.wp.com\/www.lepetitatelierdelily.fr\/wp-content\/uploads\/2020\/03\/Le-petit-atelier-de-Lily-bracelet-personnalis\u00e9-1.jpg?fit=708%2C600&ssl=1","type":"image\/jpeg"}],"twitter_card":"summary_large_image","schema":{"@context":"https:\/\/schema.org","@graph":[{"@type":"WebPage","@id":"https:\/\/www.lepetitatelierdelily.fr\/?product=bracelets-personnalisables","url":"https:\/\/www.lepetitatelierdelily.fr\/?product=bracelets-personnalisables","name":"BRACELETS PERSONNALISABLES - Le petit atelier de Lily","isPartOf":{"@id":"https:\/\/www.lepetitatelierdelily.fr\/#website"},"primaryImageOfPage":{"@id":"https:\/\/www.lepetitatelierdelily.fr\/?product=bracelets-personnalisables#primaryimage"},"image":{"@id":"https:\/\/www.lepetitatelierdelily.fr\/?product=bracelets-personnalisables#primaryimage"},"thumbnailUrl":"https:\/\/i0.wp.com\/www.lepetitatelierdelily.fr\/wp-content\/uploads\/2020\/03\/Le-petit-atelier-de-Lily-bracelet-personnalis%C3%A9-1.jpg?fit=708%2C600&ssl=1","datePublished":"2020-03-04T14:49:25+00:00","dateModified":"2024-11-22T16:23:04+00:00","breadcrumb":{"@id":"https:\/\/www.lepetitatelierdelily.fr\/?product=bracelets-personnalisables#breadcrumb"},"inLanguage":"fr-FR","potentialAction":[{"@type":"ReadAction","target":["https:\/\/www.lepetitatelierdelily.fr\/?product=bracelets-personnalisables"]}]},{"@type":"ImageObject","inLanguage":"fr-FR","@id":"https:\/\/www.lepetitatelierdelily.fr\/?product=bracelets-personnalisables#primaryimage","url":"https:\/\/i0.wp.com\/www.lepetitatelierdelily.fr\/wp-content\/uploads\/2020\/03\/Le-petit-atelier-de-Lily-bracelet-personnalis%C3%A9-1.jpg?fit=708%2C600&ssl=1","contentUrl":"https:\/\/i0.wp.com\/www.lepetitatelierdelily.fr\/wp-content\/uploads\/2020\/03\/Le-petit-atelier-de-Lily-bracelet-personnalis%C3%A9-1.jpg?fit=708%2C600&ssl=1","width":708,"height":600,"caption":"Le petit atelier de Lily bracelet personnalis\u00e9 (1)"},{"@type":"BreadcrumbList","@id":"https:\/\/www.lepetitatelierdelily.fr\/?product=bracelets-personnalisables#breadcrumb","itemListElement":[{"@type":"ListItem","position":1,"name":"Accueil","item":"https:\/\/www.lepetitatelierdelily.fr\/"},{"@type":"ListItem","position":2,"name":"BOUTIQUE","item":"https:\/\/www.lepetitatelierdelily.fr\/?page_id=191"},{"@type":"ListItem","position":3,"name":"BRACELETS PERSONNALISABLES"}]},{"@type":"WebSite","@id":"https:\/\/www.lepetitatelierdelily.fr\/#website","url":"https:\/\/www.lepetitatelierdelily.fr\/","name":"Le petit atelier de Lily","description":"Les STRASS sont l\u00e0 de jour, comme de nuit !","potentialAction":[{"@type":"SearchAction","target":{"@type":"EntryPoint","urlTemplate":"https:\/\/www.lepetitatelierdelily.fr\/?s={search_term_string}"},"query-input":{"@type":"PropertyValueSpecification","valueRequired":true,"valueName":"search_term_string"}}],"inLanguage":"fr-FR"}]}},"jetpack_sharing_enabled":true,"_links":{"self":[{"href":"https:\/\/www.lepetitatelierdelily.fr\/index.php?rest_route=\/wp\/v2\/product\/5090","targetHints":{"allow":["GET"]}}],"collection":[{"href":"https:\/\/www.lepetitatelierdelily.fr\/index.php?rest_route=\/wp\/v2\/product"}],"about":[{"href":"https:\/\/www.lepetitatelierdelily.fr\/index.php?rest_route=\/wp\/v2\/types\/product"}],"replies":[{"embeddable":true,"href":"https:\/\/www.lepetitatelierdelily.fr\/index.php?rest_route=%2Fwp%2Fv2%2Fcomments&post=5090"}],"wp:featuredmedia":[{"embeddable":true,"href":"https:\/\/www.lepetitatelierdelily.fr\/index.php?rest_route=\/wp\/v2\/media\/5048"}],"wp:attachment":[{"href":"https:\/\/www.lepetitatelierdelily.fr\/index.php?rest_route=%2Fwp%2Fv2%2Fmedia&parent=5090"}],"wp:term":[{"taxonomy":"product_brand","embeddable":true,"href":"https:\/\/www.lepetitatelierdelily.fr\/index.php?rest_route=%2Fwp%2Fv2%2Fproduct_brand&post=5090"},{"taxonomy":"product_cat","embeddable":true,"href":"https:\/\/www.lepetitatelierdelily.fr\/index.php?rest_route=%2Fwp%2Fv2%2Fproduct_cat&post=5090"},{"taxonomy":"product_tag","embeddable":true,"href":"https:\/\/www.lepetitatelierdelily.fr\/index.php?rest_route=%2Fwp%2Fv2%2Fproduct_tag&post=5090"}],"curies":[{"name":"wp","href":"https:\/\/api.w.org\/{rel}","templated":true}]}}