{"id":2035,"date":"2019-12-04T11:22:05","date_gmt":"2019-12-04T10:22:05","guid":{"rendered":"https:\/\/www.lepetitatelierdelily.fr\/?post_type=product&#038;p=2035"},"modified":"2024-02-24T08:48:16","modified_gmt":"2024-02-24T07:48:16","slug":"cabas","status":"publish","type":"product","link":"https:\/\/www.lepetitatelierdelily.fr\/?product=cabas","title":{"rendered":"CABAS"},"content":{"rendered":"<p style=\"padding-left: 40px;\">Cabas bi-mati\u00e8re passepoil\u00e9 au look original.<br \/>\nIl poss\u00e8de une poche avant zipp\u00e9e ainsi qu\u2019un grand espace de rangement int\u00e9rieur pour y placer toutes vos affaires.<\/p>\n<p>Une grande poche compartiment\u00e9e int\u00e9rieure (zipp\u00e9e) vous permettra de ranger votre portefeuille et les choses que vous souhaitez conserver avec vous de mani\u00e8re plus discr\u00e8te. Deux poches en acc\u00e8s rapide sont \u00e9galement pr\u00e9sentes dans la doublure.<\/p>\n<p>Peut \u00eatre le sac de vos envies : un sac de plage, un cabas pour partir en promenade, un grand \u00ab fourre tout \u00bb pour les affaires des enfants\u2026<\/p>\n<p>Simili cuir et tissu coton endui<br \/>\nDoublure coton &#8211; poche int\u00e9rieure simili et coton<\/p>\n<p>Dimensions 23 cm de haut x 46 cm<\/p>\n<p>&nbsp;<\/p>\n","protected":false},"excerpt":{"rendered":"<p>&nbsp;<\/p>\n<p style=\"text-align: center;\"><span style=\"font-family: 'comic sans ms', sans-serif; color: #ff00ff;\"><strong>FABRICATION FRANCAISE ARTISANALE<\/strong><\/span><\/p>\n","protected":false},"featured_media":7637,"comment_status":"open","ping_status":"closed","template":"","meta":{"remove_blocks_before_content":false,"remove_blocks_after_content":false,"countdown_timer_date_events":"","disable_reading_progress_bar":false},"product_brand":[],"product_cat":[39],"product_tag":[],"class_list":{"0":"post-2035","1":"product","2":"type-product","3":"status-publish","4":"has-post-thumbnail","6":"product_cat-cabas","8":"first","9":"outofstock","10":"purchasable","11":"product-type-simple"},"yoast_head":"<!-- This site is optimized with the Yoast SEO plugin v27.4 - https:\/\/yoast.com\/product\/yoast-seo-wordpress\/ -->\n<title>CABAS - Le petit atelier de Lily<\/title>\n<meta name=\"robots\" content=\"index, follow, max-snippet:-1, max-image-preview:large, max-video-preview:-1\" \/>\n<link rel=\"canonical\" href=\"https:\/\/www.lepetitatelierdelily.fr\/?product=cabas\" \/>\n<meta property=\"og:locale\" content=\"fr_FR\" \/>\n<meta property=\"og:type\" content=\"article\" \/>\n<meta property=\"og:title\" content=\"CABAS - Le petit atelier de Lily\" \/>\n<meta property=\"og:description\" content=\"&nbsp; FABRICATION FRANCAISE ARTISANALE\" \/>\n<meta property=\"og:url\" content=\"https:\/\/www.lepetitatelierdelily.fr\/?product=cabas\" \/>\n<meta property=\"og:site_name\" content=\"Le petit atelier de Lily\" \/>\n<meta property=\"article:publisher\" content=\"https:\/\/www.facebook.com\/lepetitatelierdelily\/?ref=bookmarks\" \/>\n<meta property=\"article:modified_time\" content=\"2024-02-24T07:48:16+00:00\" \/>\n<meta property=\"og:image\" content=\"https:\/\/www.lepetitatelierdelily.fr\/wp-content\/uploads\/2019\/12\/20210421_094138.jpg\" \/>\n\t<meta property=\"og:image:width\" content=\"1584\" \/>\n\t<meta property=\"og:image:height\" content=\"1199\" \/>\n\t<meta property=\"og:image:type\" content=\"image\/jpeg\" \/>\n<meta name=\"twitter:card\" content=\"summary_large_image\" \/>\n<meta name=\"twitter:label1\" content=\"Dur\u00e9e de lecture estim\u00e9e\" \/>\n\t<meta name=\"twitter:data1\" content=\"1 minute\" \/>\n<script type=\"application\/ld+json\" class=\"yoast-schema-graph\">{\"@context\":\"https:\\\/\\\/schema.org\",\"@graph\":[{\"@type\":\"WebPage\",\"@id\":\"https:\\\/\\\/www.lepetitatelierdelily.fr\\\/?product=cabas\",\"url\":\"https:\\\/\\\/www.lepetitatelierdelily.fr\\\/?product=cabas\",\"name\":\"CABAS - Le petit atelier de Lily\",\"isPartOf\":{\"@id\":\"https:\\\/\\\/www.lepetitatelierdelily.fr\\\/#website\"},\"primaryImageOfPage\":{\"@id\":\"https:\\\/\\\/www.lepetitatelierdelily.fr\\\/?product=cabas#primaryimage\"},\"image\":{\"@id\":\"https:\\\/\\\/www.lepetitatelierdelily.fr\\\/?product=cabas#primaryimage\"},\"thumbnailUrl\":\"https:\\\/\\\/i0.wp.com\\\/www.lepetitatelierdelily.fr\\\/wp-content\\\/uploads\\\/2019\\\/12\\\/20210421_094138.jpg?fit=1584%2C1199&ssl=1\",\"datePublished\":\"2019-12-04T10:22:05+00:00\",\"dateModified\":\"2024-02-24T07:48:16+00:00\",\"breadcrumb\":{\"@id\":\"https:\\\/\\\/www.lepetitatelierdelily.fr\\\/?product=cabas#breadcrumb\"},\"inLanguage\":\"fr-FR\",\"potentialAction\":[{\"@type\":\"ReadAction\",\"target\":[\"https:\\\/\\\/www.lepetitatelierdelily.fr\\\/?product=cabas\"]}]},{\"@type\":\"ImageObject\",\"inLanguage\":\"fr-FR\",\"@id\":\"https:\\\/\\\/www.lepetitatelierdelily.fr\\\/?product=cabas#primaryimage\",\"url\":\"https:\\\/\\\/i0.wp.com\\\/www.lepetitatelierdelily.fr\\\/wp-content\\\/uploads\\\/2019\\\/12\\\/20210421_094138.jpg?fit=1584%2C1199&ssl=1\",\"contentUrl\":\"https:\\\/\\\/i0.wp.com\\\/www.lepetitatelierdelily.fr\\\/wp-content\\\/uploads\\\/2019\\\/12\\\/20210421_094138.jpg?fit=1584%2C1199&ssl=1\",\"width\":1584,\"height\":1199},{\"@type\":\"BreadcrumbList\",\"@id\":\"https:\\\/\\\/www.lepetitatelierdelily.fr\\\/?product=cabas#breadcrumb\",\"itemListElement\":[{\"@type\":\"ListItem\",\"position\":1,\"name\":\"Accueil\",\"item\":\"https:\\\/\\\/www.lepetitatelierdelily.fr\\\/\"},{\"@type\":\"ListItem\",\"position\":2,\"name\":\"BOUTIQUE\",\"item\":\"https:\\\/\\\/www.lepetitatelierdelily.fr\\\/?page_id=191\"},{\"@type\":\"ListItem\",\"position\":3,\"name\":\"CABAS\"}]},{\"@type\":\"WebSite\",\"@id\":\"https:\\\/\\\/www.lepetitatelierdelily.fr\\\/#website\",\"url\":\"https:\\\/\\\/www.lepetitatelierdelily.fr\\\/\",\"name\":\"Le petit atelier de Lily\",\"description\":\"Les STRASS sont l\u00e0 de jour, comme de nuit !\",\"potentialAction\":[{\"@type\":\"SearchAction\",\"target\":{\"@type\":\"EntryPoint\",\"urlTemplate\":\"https:\\\/\\\/www.lepetitatelierdelily.fr\\\/?s={search_term_string}\"},\"query-input\":{\"@type\":\"PropertyValueSpecification\",\"valueRequired\":true,\"valueName\":\"search_term_string\"}}],\"inLanguage\":\"fr-FR\"}]}<\/script>\n<!-- \/ Yoast SEO plugin. -->","yoast_head_json":{"title":"CABAS - Le petit atelier de Lily","robots":{"index":"index","follow":"follow","max-snippet":"max-snippet:-1","max-image-preview":"max-image-preview:large","max-video-preview":"max-video-preview:-1"},"canonical":"https:\/\/www.lepetitatelierdelily.fr\/?product=cabas","og_locale":"fr_FR","og_type":"article","og_title":"CABAS - Le petit atelier de Lily","og_description":"&nbsp; FABRICATION FRANCAISE ARTISANALE","og_url":"https:\/\/www.lepetitatelierdelily.fr\/?product=cabas","og_site_name":"Le petit atelier de Lily","article_publisher":"https:\/\/www.facebook.com\/lepetitatelierdelily\/?ref=bookmarks","article_modified_time":"2024-02-24T07:48:16+00:00","og_image":[{"width":1584,"height":1199,"url":"https:\/\/www.lepetitatelierdelily.fr\/wp-content\/uploads\/2019\/12\/20210421_094138.jpg","type":"image\/jpeg"}],"twitter_card":"summary_large_image","twitter_misc":{"Dur\u00e9e de lecture estim\u00e9e":"1 minute"},"schema":{"@context":"https:\/\/schema.org","@graph":[{"@type":"WebPage","@id":"https:\/\/www.lepetitatelierdelily.fr\/?product=cabas","url":"https:\/\/www.lepetitatelierdelily.fr\/?product=cabas","name":"CABAS - Le petit atelier de Lily","isPartOf":{"@id":"https:\/\/www.lepetitatelierdelily.fr\/#website"},"primaryImageOfPage":{"@id":"https:\/\/www.lepetitatelierdelily.fr\/?product=cabas#primaryimage"},"image":{"@id":"https:\/\/www.lepetitatelierdelily.fr\/?product=cabas#primaryimage"},"thumbnailUrl":"https:\/\/i0.wp.com\/www.lepetitatelierdelily.fr\/wp-content\/uploads\/2019\/12\/20210421_094138.jpg?fit=1584%2C1199&ssl=1","datePublished":"2019-12-04T10:22:05+00:00","dateModified":"2024-02-24T07:48:16+00:00","breadcrumb":{"@id":"https:\/\/www.lepetitatelierdelily.fr\/?product=cabas#breadcrumb"},"inLanguage":"fr-FR","potentialAction":[{"@type":"ReadAction","target":["https:\/\/www.lepetitatelierdelily.fr\/?product=cabas"]}]},{"@type":"ImageObject","inLanguage":"fr-FR","@id":"https:\/\/www.lepetitatelierdelily.fr\/?product=cabas#primaryimage","url":"https:\/\/i0.wp.com\/www.lepetitatelierdelily.fr\/wp-content\/uploads\/2019\/12\/20210421_094138.jpg?fit=1584%2C1199&ssl=1","contentUrl":"https:\/\/i0.wp.com\/www.lepetitatelierdelily.fr\/wp-content\/uploads\/2019\/12\/20210421_094138.jpg?fit=1584%2C1199&ssl=1","width":1584,"height":1199},{"@type":"BreadcrumbList","@id":"https:\/\/www.lepetitatelierdelily.fr\/?product=cabas#breadcrumb","itemListElement":[{"@type":"ListItem","position":1,"name":"Accueil","item":"https:\/\/www.lepetitatelierdelily.fr\/"},{"@type":"ListItem","position":2,"name":"BOUTIQUE","item":"https:\/\/www.lepetitatelierdelily.fr\/?page_id=191"},{"@type":"ListItem","position":3,"name":"CABAS"}]},{"@type":"WebSite","@id":"https:\/\/www.lepetitatelierdelily.fr\/#website","url":"https:\/\/www.lepetitatelierdelily.fr\/","name":"Le petit atelier de Lily","description":"Les STRASS sont l\u00e0 de jour, comme de nuit !","potentialAction":[{"@type":"SearchAction","target":{"@type":"EntryPoint","urlTemplate":"https:\/\/www.lepetitatelierdelily.fr\/?s={search_term_string}"},"query-input":{"@type":"PropertyValueSpecification","valueRequired":true,"valueName":"search_term_string"}}],"inLanguage":"fr-FR"}]}},"jetpack_sharing_enabled":true,"_links":{"self":[{"href":"https:\/\/www.lepetitatelierdelily.fr\/index.php?rest_route=\/wp\/v2\/product\/2035","targetHints":{"allow":["GET"]}}],"collection":[{"href":"https:\/\/www.lepetitatelierdelily.fr\/index.php?rest_route=\/wp\/v2\/product"}],"about":[{"href":"https:\/\/www.lepetitatelierdelily.fr\/index.php?rest_route=\/wp\/v2\/types\/product"}],"replies":[{"embeddable":true,"href":"https:\/\/www.lepetitatelierdelily.fr\/index.php?rest_route=%2Fwp%2Fv2%2Fcomments&post=2035"}],"wp:featuredmedia":[{"embeddable":true,"href":"https:\/\/www.lepetitatelierdelily.fr\/index.php?rest_route=\/wp\/v2\/media\/7637"}],"wp:attachment":[{"href":"https:\/\/www.lepetitatelierdelily.fr\/index.php?rest_route=%2Fwp%2Fv2%2Fmedia&parent=2035"}],"wp:term":[{"taxonomy":"product_brand","embeddable":true,"href":"https:\/\/www.lepetitatelierdelily.fr\/index.php?rest_route=%2Fwp%2Fv2%2Fproduct_brand&post=2035"},{"taxonomy":"product_cat","embeddable":true,"href":"https:\/\/www.lepetitatelierdelily.fr\/index.php?rest_route=%2Fwp%2Fv2%2Fproduct_cat&post=2035"},{"taxonomy":"product_tag","embeddable":true,"href":"https:\/\/www.lepetitatelierdelily.fr\/index.php?rest_route=%2Fwp%2Fv2%2Fproduct_tag&post=2035"}],"curies":[{"name":"wp","href":"https:\/\/api.w.org\/{rel}","templated":true}]}}