{"id":81,"date":"2019-10-08T11:20:42","date_gmt":"2019-10-08T09:20:42","guid":{"rendered":"http:\/\/lepetitatelierdelily.fr\/?page_id=81"},"modified":"2024-08-11T19:33:44","modified_gmt":"2024-08-11T17:33:44","slug":"strass-sur-textile-personnalisation-cadeaux-de-naissance-sac-a-mains-et-accessoires","status":"publish","type":"page","link":"https:\/\/www.lepetitatelierdelily.fr\/","title":{"rendered":"ACCUEIL"},"content":{"rendered":"\n<figure class=\"wp-block-image size-full\"><img data-recalc-dims=\"1\" fetchpriority=\"high\" decoding=\"async\" width=\"820\" height=\"312\" src=\"https:\/\/i0.wp.com\/www.lepetitatelierdelily.fr\/wp-content\/uploads\/2023\/12\/Le-petit-atelier-de-Lily-STRASS-1.png?resize=820%2C312&#038;ssl=1\" alt=\"\" class=\"wp-image-8272\" srcset=\"https:\/\/i0.wp.com\/www.lepetitatelierdelily.fr\/wp-content\/uploads\/2023\/12\/Le-petit-atelier-de-Lily-STRASS-1.png?w=820&amp;ssl=1 820w, https:\/\/i0.wp.com\/www.lepetitatelierdelily.fr\/wp-content\/uploads\/2023\/12\/Le-petit-atelier-de-Lily-STRASS-1.png?resize=300%2C114&amp;ssl=1 300w, https:\/\/i0.wp.com\/www.lepetitatelierdelily.fr\/wp-content\/uploads\/2023\/12\/Le-petit-atelier-de-Lily-STRASS-1.png?resize=768%2C292&amp;ssl=1 768w, https:\/\/i0.wp.com\/www.lepetitatelierdelily.fr\/wp-content\/uploads\/2023\/12\/Le-petit-atelier-de-Lily-STRASS-1.png?resize=600%2C228&amp;ssl=1 600w\" sizes=\"(max-width: 820px) 100vw, 820px\" \/><\/figure>\n\n\n\n<p class=\"has-text-color\" style=\"color:#ffffff\"> i<\/p>\n\n\n<p class=\"has-text-color has-background has-black-color has-white-background-color\" style=\"padding-left: 40px; text-align: justify;\"><span style=\"font-family: georgia, palatino, serif;\"><span style=\"font-size: 12pt;\"><span style=\"vertical-align: inherit;\"><span style=\"vertical-align: inherit;\"><span style=\"vertical-align: inherit;\"><span style=\"vertical-align: inherit;\">En 2021 j&rsquo;ai ferm\u00e9 mon entreprise le Covid \u00e9tant pass\u00e9 par l\u00e0 \ud83d\ude41 , <\/span><\/span><\/span><\/span><\/span><\/span><\/p>\n<p class=\"has-text-color has-background has-black-color has-white-background-color\" style=\"padding-left: 40px; text-align: justify;\"><span style=\"font-family: georgia, palatino, serif;\"><span style=\"font-size: 12pt;\"><span style=\"vertical-align: inherit;\"><span style=\"vertical-align: inherit;\"><span style=\"vertical-align: inherit;\"><span style=\"vertical-align: inherit;\">\u00a0j&rsquo;ai repris un travail et aujourd&rsquo;hui apr\u00e8s r\u00e9flexion j&rsquo;ai d\u00e9cid\u00e9 de rouvrir <strong>Le Petit Atelier de Lily<\/strong> qui me manquait \ud83d\ude42 <\/span><\/span><\/span><\/span><\/span><\/span><\/p>\n<p class=\"has-text-color has-background has-black-color has-white-background-color\" style=\"padding-left: 40px; text-align: justify;\"><span style=\"font-family: georgia, palatino, serif;\"><span style=\"font-size: 12pt;\"><span style=\"vertical-align: inherit;\"><span style=\"vertical-align: inherit;\"><span style=\"vertical-align: inherit;\"><span style=\"vertical-align: inherit;\">Je ne voulais pas continuer dans la confection de sacs \u00e0 mains, et apr\u00e8s un petit voyage le d\u00e9clic est venu c&rsquo;est \u00e7a que je veux ajouter \u00e0 ma boutique, et en faire mon activit\u00e9 principale.<\/span><\/span><\/span><\/span><\/span><\/span><\/p>\n<p style=\"padding-left: 40px;\"><span style=\"font-family: georgia, palatino, serif;\"><span style=\"font-size: 12pt;\"><span style=\"vertical-align: inherit;\">Entre-temps, en temps que nouvelle camping cariste,\u00a0 je me suis abonn\u00e9e sur des r\u00e9seaux sociaux \u00e0 la recherche d&rsquo;astuces qui pourraient am\u00e9liorer notre confort. Et l\u00e0 j&rsquo;ai d\u00e9couvert les isolants pare chaleurs pour les jours ou il ferait tr\u00e8s chaud ou l&rsquo;hiver aussi par grand froid. <\/span><\/span><\/span><\/p>\n<p style=\"padding-left: 40px;\"><span style=\"font-family: georgia, palatino, serif;\"><span style=\"font-size: 12pt;\"><span style=\"vertical-align: inherit;\">En temps que couturi\u00e8re, je n&rsquo;allais pas me priver de les fabriquer et voil\u00e0 chose faite notre camping-car est par\u00e9. J&rsquo;ai mis des photos sur mon site et c&rsquo;est l\u00e0 que tout a commenc\u00e9. j&rsquo;avais beaucoup de messages pour savoir si je les vendais et l\u00e0 je me suis mise \u00e0 confectionner ces articles, les clients demandent des options genre personnalisation, avec bavette des tr\u00e8s grandes tailles etc&#8230;<\/span><\/span><\/span><\/p>\n<p style=\"padding-left: 40px;\"><span style=\"font-family: georgia, palatino, serif;\"><span style=\"font-size: 12pt;\"><span style=\"vertical-align: inherit;\"><span style=\"vertical-align: inherit;\"><span style=\"vertical-align: inherit;\"><span style=\"vertical-align: inherit;\"><span style=\"color: #8000ff;\"><strong>&#8211; <a href=\"https:\/\/www.lepetitatelierdelily.fr\/?page_id=4015\">La cr\u00e9ation et la pose de\u00a0strass sur textiles<\/a><\/strong><\/span> tels que : tee-shirt, d\u00e9bardeur, sweat etc&#8230; j&rsquo;ai quelques mod\u00e8les pr\u00e9d\u00e9finis que vous pourrez voir sur mon site et si vous avez des demandes, pour vous m\u00eame ou pour un groupe peut-\u00eatre un nouveau tee-shirt pour votre club \ud83d\ude09 ,\u00a0 n&rsquo;h\u00e9sitez pas \u00e0 me contacter pour en discuter ensemble \ud83d\ude09 <span style=\"font-size: 12pt; font-family: georgia, palatino, serif;\"><span style=\"color: #000000;\">beaucoup de travail pour cr\u00e9er un gabarit unique, vient ensuite l&rsquo;application des strass, un travail long et tr\u00e8s minutieux<\/span><\/span><span style=\"font-size: 12pt; font-family: georgia, palatino, serif; color: #000000;\"> mais j&rsquo;adore \ud83d\ude42<\/span> <\/span><\/span><\/span><\/span><\/span><\/span><span style=\"font-family: georgia, palatino, serif;\"><span style=\"font-size: 12pt;\"><span style=\"vertical-align: inherit;\"><span style=\"vertical-align: inherit;\"><span style=\"vertical-align: inherit;\"><span style=\"vertical-align: inherit;\">La cr\u00e9ation et impression, flocage, marquage sur textile et objets d\u00e9coratifs sont toujours d&rsquo;actualit\u00e9s et \u00e9galement sur commande.<\/span><\/span><\/span><\/span><\/span><\/span><\/p>\n<p class=\"has-text-color has-background has-black-color has-white-background-color\" style=\"padding-left: 40px; text-align: justify;\"><span style=\"font-family: georgia, palatino, serif;\"><span style=\"font-size: 12pt;\"><span style=\"vertical-align: inherit;\"><span style=\"vertical-align: inherit;\"><span style=\"vertical-align: inherit;\"><span style=\"vertical-align: inherit;\">&#8211; J&rsquo;ai ajout\u00e9 l&rsquo;activit\u00e9 secondaire de <span style=\"color: #8000ff;\"><b><a href=\"https:\/\/www.lepetitatelierdelily.fr\/?page_id=4078\">Cadeaux de naissance personnalisables<\/a>\u00a0<\/b><span style=\"color: #000000;\">pour b\u00e9b\u00e9, \u00e9galement\u00a0<\/span><\/span><\/span><\/span><\/span><\/span><\/span><\/span><\/p>\n<p class=\"has-text-color has-background has-black-color has-white-background-color\" style=\"padding-left: 40px; text-align: justify;\"><span style=\"font-family: georgia, palatino, serif;\"><span style=\"font-size: 12pt;\"><span style=\"vertical-align: inherit;\"><span style=\"vertical-align: inherit;\"><span style=\"vertical-align: inherit;\"><span style=\"vertical-align: inherit;\">Je vais bien sur continuer la cr\u00e9ation et confection de sacs \u00e0 main et ses accessoires mais uniquement sur commande je n&rsquo;aurai plus de stock, \u00e9galement me contacter pour tout projet.<\/span><\/span><\/span><\/span><\/span><\/span><\/p>\n<p class=\"has-text-color has-background has-black-color has-white-background-color\" style=\"padding-left: 40px; text-align: justify;\"><span style=\"color: #ff0000;\"><strong><span style=\"font-size: 12pt; font-family: georgia, palatino, serif;\">Tous ces articles sont 100% fait main <\/span><\/strong><\/span><span style=\"font-size: 12pt; font-family: georgia, palatino, serif;\"><span style=\"color: #ff0000;\"><strong>\u00a0 \u00a0 \u00a0<\/strong><\/span> \u00a0 \u00a0<\/span><span style=\"font-size: 12pt; font-family: georgia, palatino, serif;\">\u00a0 \u00a0 <\/span><span style=\"font-size: 12pt; font-family: georgia, palatino, serif;\">\u00a0 \u00a0 \u00a0 \u00a0 \u00a0 \u00a0 \u00a0 \u00a0 \u00a0 \u00a0 \u00a0 \u00a0<\/span><\/p>\n<p><span style=\"font-family: georgia, palatino, serif;\"><span style=\"font-size: 12pt;\"><span style=\"vertical-align: inherit;\"><span style=\"vertical-align: inherit;\"><span style=\"vertical-align: inherit;\"><span style=\"vertical-align: inherit;\">Bonne visite sur la boutique de Lily <\/span><\/span><\/span><\/span><\/span><\/span><\/p>\n<h3 style=\"padding-left: 40px;\" id=\"\">\u00a0<\/h3>","protected":false},"excerpt":{"rendered":"<p>i En 2021 j&rsquo;ai ferm\u00e9 mon entreprise le Covid \u00e9tant pass\u00e9 par l\u00e0 \ud83d\ude41 , \u00a0j&rsquo;ai repris un travail et aujourd&rsquo;hui apr\u00e8s r\u00e9flexion j&rsquo;ai d\u00e9cid\u00e9 de rouvrir Le Petit Atelier de Lily qui me manquait \ud83d\ude42 Je ne voulais pas continuer dans la confection de sacs \u00e0 mains, et apr\u00e8s un petit voyage le d\u00e9clic est venu c&rsquo;est \u00e7a que je veux ajouter \u00e0 ma boutique, et en faire mon activit\u00e9 principale.<br \/> Entre-temps, en temps que nouvelle camping cariste,\u00a0 je me suis abonn\u00e9e sur des r\u00e9seaux sociaux \u00e0 la recherche d&rsquo;astuces qui pourraient am\u00e9liorer notre confort.<br \/> Et l\u00e0 j&rsquo;ai d\u00e9couvert les isolants pare chaleurs pour les jours ou il ferait tr\u00e8s chaud ou l&rsquo;hiver aussi par grand froid.<br \/> En temps que couturi\u00e8re, je n&rsquo;allais pas me priver de les fabriquer et voil\u00e0 chose faite notre camping-car est par\u00e9.<br \/> J&rsquo;ai mis des photos sur mon site et c&rsquo;est l\u00e0 que tout a commenc\u00e9.<br \/> j&rsquo;avais beaucoup de messages pour savoir si je les vendais et l\u00e0 je me suis mise \u00e0 confectionner ces articles, les clients demandent des options genre personnalisation, avec bavette des tr\u00e8s grandes tailles etc&#8230; &#8211; La cr\u00e9ation et la pose de\u00a0strass sur textiles tels que : tee-shirt, d\u00e9bardeur, sweat etc&#8230; j&rsquo;ai quelques mod\u00e8les pr\u00e9d\u00e9finis que vous pourrez voir sur mon site et si vous avez des demandes, pour vous m\u00eame ou pour un groupe peut-\u00eatre un nouveau tee-shirt pour votre club \ud83d\ude09 ,\u00a0 n&rsquo;h\u00e9sitez pas \u00e0 me contacter pour en discuter ensemble \ud83d\ude09 beaucoup de travail pour cr\u00e9er un gabarit unique, vient ensuite l&rsquo;application des strass, un travail long et tr\u00e8s minutieux mais j&rsquo;adore \ud83d\ude42 La cr\u00e9ation et impression, flocage, marquage sur textile et objets d\u00e9coratifs sont toujours d&rsquo;actualit\u00e9s et \u00e9galement sur commande.<br \/> &#8211; J&rsquo;ai ajout\u00e9 l&rsquo;activit\u00e9 secondaire de Cadeaux de naissance personnalisables\u00a0pour b\u00e9b\u00e9, \u00e9galement\u00a0 Je vais bien sur continuer la cr\u00e9ation et confection de sacs \u00e0 main et ses accessoires mais uniquement sur commande je n&rsquo;aurai plus de stock, \u00e9galement me contacter pour tout projet.<br \/> Tous ces articles sont 100% fait main \u00a0 \u00a0 \u00a0 \u00a0 \u00a0\u00a0 \u00a0 \u00a0 \u00a0 \u00a0 \u00a0 \u00a0 \u00a0 \u00a0 \u00a0 \u00a0 \u00a0 \u00a0 \u00a0 Bonne visite sur la boutique de Lily \u00a0<\/p>\n","protected":false},"author":1,"featured_media":0,"parent":0,"menu_order":0,"comment_status":"closed","ping_status":"closed","template":"","meta":{"remove_blocks_before_content":false,"remove_blocks_after_content":false,"countdown_timer_date_events":"","disable_reading_progress_bar":false,"footnotes":""},"class_list":["post-81","page","type-page","status-publish","hentry"],"yoast_head":"<!-- This site is optimized with the Yoast SEO plugin v27.4 - https:\/\/yoast.com\/product\/yoast-seo-wordpress\/ -->\n<title>Le petit atelier de Lily - Pose de strass sur textile<\/title>\n<meta name=\"description\" content=\"Cr\u00e9ation et pose de strass sur textiles, cr\u00e9ation\/fabrication de cadeaux de naissances, cr\u00e9ation\/fabrication de sacs \u00e0 mains et accessoires\" \/>\n<meta name=\"robots\" content=\"index, follow, max-snippet:-1, max-image-preview:large, max-video-preview:-1\" \/>\n<link rel=\"canonical\" href=\"https:\/\/www.lepetitatelierdelily.fr\/\" \/>\n<meta property=\"og:locale\" content=\"fr_FR\" \/>\n<meta property=\"og:type\" content=\"article\" \/>\n<meta property=\"og:title\" content=\"Le petit atelier de Lily - Pose de strass sur textile\" \/>\n<meta property=\"og:description\" content=\"Cr\u00e9ation et pose de strass sur textiles, cr\u00e9ation\/fabrication de cadeaux de naissances, cr\u00e9ation\/fabrication de sacs \u00e0 mains et accessoires\" \/>\n<meta property=\"og:url\" content=\"https:\/\/www.lepetitatelierdelily.fr\/\" \/>\n<meta property=\"og:site_name\" content=\"Le petit atelier de Lily\" \/>\n<meta property=\"article:publisher\" content=\"https:\/\/www.facebook.com\/lepetitatelierdelily\/?ref=bookmarks\" \/>\n<meta property=\"article:modified_time\" content=\"2024-08-11T17:33:44+00:00\" \/>\n<meta property=\"og:image\" content=\"https:\/\/www.lepetitatelierdelily.fr\/wp-content\/uploads\/2023\/12\/Le-petit-atelier-de-Lily-STRASS-1.png\" \/>\n<meta name=\"twitter:card\" content=\"summary_large_image\" \/>\n<meta name=\"twitter:label1\" content=\"Dur\u00e9e de lecture estim\u00e9e\" \/>\n\t<meta name=\"twitter:data1\" content=\"2 minutes\" \/>\n<script type=\"application\/ld+json\" class=\"yoast-schema-graph\">{\"@context\":\"https:\\\/\\\/schema.org\",\"@graph\":[{\"@type\":\"WebPage\",\"@id\":\"https:\\\/\\\/www.lepetitatelierdelily.fr\\\/\",\"url\":\"https:\\\/\\\/www.lepetitatelierdelily.fr\\\/\",\"name\":\"Le petit atelier de Lily - Pose de strass sur textile\",\"isPartOf\":{\"@id\":\"https:\\\/\\\/www.lepetitatelierdelily.fr\\\/#website\"},\"primaryImageOfPage\":{\"@id\":\"https:\\\/\\\/www.lepetitatelierdelily.fr\\\/#primaryimage\"},\"image\":{\"@id\":\"https:\\\/\\\/www.lepetitatelierdelily.fr\\\/#primaryimage\"},\"thumbnailUrl\":\"https:\\\/\\\/www.lepetitatelierdelily.fr\\\/wp-content\\\/uploads\\\/2023\\\/12\\\/Le-petit-atelier-de-Lily-STRASS-1.png\",\"datePublished\":\"2019-10-08T09:20:42+00:00\",\"dateModified\":\"2024-08-11T17:33:44+00:00\",\"description\":\"Cr\u00e9ation et pose de strass sur textiles, cr\u00e9ation\\\/fabrication de cadeaux de naissances, cr\u00e9ation\\\/fabrication de sacs \u00e0 mains et accessoires\",\"breadcrumb\":{\"@id\":\"https:\\\/\\\/www.lepetitatelierdelily.fr\\\/#breadcrumb\"},\"inLanguage\":\"fr-FR\",\"potentialAction\":[{\"@type\":\"ReadAction\",\"target\":[\"https:\\\/\\\/www.lepetitatelierdelily.fr\\\/\"]}]},{\"@type\":\"ImageObject\",\"inLanguage\":\"fr-FR\",\"@id\":\"https:\\\/\\\/www.lepetitatelierdelily.fr\\\/#primaryimage\",\"url\":\"https:\\\/\\\/i0.wp.com\\\/www.lepetitatelierdelily.fr\\\/wp-content\\\/uploads\\\/2023\\\/12\\\/Le-petit-atelier-de-Lily-STRASS-1.png?fit=820%2C312&ssl=1\",\"contentUrl\":\"https:\\\/\\\/i0.wp.com\\\/www.lepetitatelierdelily.fr\\\/wp-content\\\/uploads\\\/2023\\\/12\\\/Le-petit-atelier-de-Lily-STRASS-1.png?fit=820%2C312&ssl=1\",\"width\":820,\"height\":312},{\"@type\":\"BreadcrumbList\",\"@id\":\"https:\\\/\\\/www.lepetitatelierdelily.fr\\\/#breadcrumb\",\"itemListElement\":[{\"@type\":\"ListItem\",\"position\":1,\"name\":\"Accueil\",\"item\":\"https:\\\/\\\/www.lepetitatelierdelily.fr\\\/\"},{\"@type\":\"ListItem\",\"position\":2,\"name\":\"ACCUEIL\"}]},{\"@type\":\"WebSite\",\"@id\":\"https:\\\/\\\/www.lepetitatelierdelily.fr\\\/#website\",\"url\":\"https:\\\/\\\/www.lepetitatelierdelily.fr\\\/\",\"name\":\"Le petit atelier de Lily\",\"description\":\"Les STRASS sont l\u00e0 de jour, comme de nuit !\",\"potentialAction\":[{\"@type\":\"SearchAction\",\"target\":{\"@type\":\"EntryPoint\",\"urlTemplate\":\"https:\\\/\\\/www.lepetitatelierdelily.fr\\\/?s={search_term_string}\"},\"query-input\":{\"@type\":\"PropertyValueSpecification\",\"valueRequired\":true,\"valueName\":\"search_term_string\"}}],\"inLanguage\":\"fr-FR\"}]}<\/script>\n<!-- \/ Yoast SEO plugin. -->","yoast_head_json":{"title":"Le petit atelier de Lily - Pose de strass sur textile","description":"Cr\u00e9ation et pose de strass sur textiles, cr\u00e9ation\/fabrication de cadeaux de naissances, cr\u00e9ation\/fabrication de sacs \u00e0 mains et accessoires","robots":{"index":"index","follow":"follow","max-snippet":"max-snippet:-1","max-image-preview":"max-image-preview:large","max-video-preview":"max-video-preview:-1"},"canonical":"https:\/\/www.lepetitatelierdelily.fr\/","og_locale":"fr_FR","og_type":"article","og_title":"Le petit atelier de Lily - Pose de strass sur textile","og_description":"Cr\u00e9ation et pose de strass sur textiles, cr\u00e9ation\/fabrication de cadeaux de naissances, cr\u00e9ation\/fabrication de sacs \u00e0 mains et accessoires","og_url":"https:\/\/www.lepetitatelierdelily.fr\/","og_site_name":"Le petit atelier de Lily","article_publisher":"https:\/\/www.facebook.com\/lepetitatelierdelily\/?ref=bookmarks","article_modified_time":"2024-08-11T17:33:44+00:00","og_image":[{"url":"https:\/\/www.lepetitatelierdelily.fr\/wp-content\/uploads\/2023\/12\/Le-petit-atelier-de-Lily-STRASS-1.png","type":"","width":"","height":""}],"twitter_card":"summary_large_image","twitter_misc":{"Dur\u00e9e de lecture estim\u00e9e":"2 minutes"},"schema":{"@context":"https:\/\/schema.org","@graph":[{"@type":"WebPage","@id":"https:\/\/www.lepetitatelierdelily.fr\/","url":"https:\/\/www.lepetitatelierdelily.fr\/","name":"Le petit atelier de Lily - Pose de strass sur textile","isPartOf":{"@id":"https:\/\/www.lepetitatelierdelily.fr\/#website"},"primaryImageOfPage":{"@id":"https:\/\/www.lepetitatelierdelily.fr\/#primaryimage"},"image":{"@id":"https:\/\/www.lepetitatelierdelily.fr\/#primaryimage"},"thumbnailUrl":"https:\/\/www.lepetitatelierdelily.fr\/wp-content\/uploads\/2023\/12\/Le-petit-atelier-de-Lily-STRASS-1.png","datePublished":"2019-10-08T09:20:42+00:00","dateModified":"2024-08-11T17:33:44+00:00","description":"Cr\u00e9ation et pose de strass sur textiles, cr\u00e9ation\/fabrication de cadeaux de naissances, cr\u00e9ation\/fabrication de sacs \u00e0 mains et accessoires","breadcrumb":{"@id":"https:\/\/www.lepetitatelierdelily.fr\/#breadcrumb"},"inLanguage":"fr-FR","potentialAction":[{"@type":"ReadAction","target":["https:\/\/www.lepetitatelierdelily.fr\/"]}]},{"@type":"ImageObject","inLanguage":"fr-FR","@id":"https:\/\/www.lepetitatelierdelily.fr\/#primaryimage","url":"https:\/\/i0.wp.com\/www.lepetitatelierdelily.fr\/wp-content\/uploads\/2023\/12\/Le-petit-atelier-de-Lily-STRASS-1.png?fit=820%2C312&ssl=1","contentUrl":"https:\/\/i0.wp.com\/www.lepetitatelierdelily.fr\/wp-content\/uploads\/2023\/12\/Le-petit-atelier-de-Lily-STRASS-1.png?fit=820%2C312&ssl=1","width":820,"height":312},{"@type":"BreadcrumbList","@id":"https:\/\/www.lepetitatelierdelily.fr\/#breadcrumb","itemListElement":[{"@type":"ListItem","position":1,"name":"Accueil","item":"https:\/\/www.lepetitatelierdelily.fr\/"},{"@type":"ListItem","position":2,"name":"ACCUEIL"}]},{"@type":"WebSite","@id":"https:\/\/www.lepetitatelierdelily.fr\/#website","url":"https:\/\/www.lepetitatelierdelily.fr\/","name":"Le petit atelier de Lily","description":"Les STRASS sont l\u00e0 de jour, comme de nuit !","potentialAction":[{"@type":"SearchAction","target":{"@type":"EntryPoint","urlTemplate":"https:\/\/www.lepetitatelierdelily.fr\/?s={search_term_string}"},"query-input":{"@type":"PropertyValueSpecification","valueRequired":true,"valueName":"search_term_string"}}],"inLanguage":"fr-FR"}]}},"jetpack_sharing_enabled":true,"_links":{"self":[{"href":"https:\/\/www.lepetitatelierdelily.fr\/index.php?rest_route=\/wp\/v2\/pages\/81","targetHints":{"allow":["GET"]}}],"collection":[{"href":"https:\/\/www.lepetitatelierdelily.fr\/index.php?rest_route=\/wp\/v2\/pages"}],"about":[{"href":"https:\/\/www.lepetitatelierdelily.fr\/index.php?rest_route=\/wp\/v2\/types\/page"}],"author":[{"embeddable":true,"href":"https:\/\/www.lepetitatelierdelily.fr\/index.php?rest_route=\/wp\/v2\/users\/1"}],"replies":[{"embeddable":true,"href":"https:\/\/www.lepetitatelierdelily.fr\/index.php?rest_route=%2Fwp%2Fv2%2Fcomments&post=81"}],"version-history":[{"count":222,"href":"https:\/\/www.lepetitatelierdelily.fr\/index.php?rest_route=\/wp\/v2\/pages\/81\/revisions"}],"predecessor-version":[{"id":10584,"href":"https:\/\/www.lepetitatelierdelily.fr\/index.php?rest_route=\/wp\/v2\/pages\/81\/revisions\/10584"}],"wp:attachment":[{"href":"https:\/\/www.lepetitatelierdelily.fr\/index.php?rest_route=%2Fwp%2Fv2%2Fmedia&parent=81"}],"curies":[{"name":"wp","href":"https:\/\/api.w.org\/{rel}","templated":true}]}}