{"id":7395,"date":"2020-12-29T21:16:05","date_gmt":"2020-12-29T20:16:05","guid":{"rendered":"https:\/\/www.lepetitatelierdelily.fr\/?page_id=7395"},"modified":"2024-07-24T21:23:34","modified_gmt":"2024-07-24T19:23:34","slug":"promotion-soldes-liquidation-de-stock","status":"publish","type":"page","link":"https:\/\/www.lepetitatelierdelily.fr\/?page_id=7395","title":{"rendered":"PROMOTIONS"},"content":{"rendered":"\n<p>Mise \u00e0 jour le 05\/09\/2021<\/p>\n\n\n\n<div class=\"wp-block-columns are-vertically-aligned-center is-layout-flex wp-container-core-columns-is-layout-9d6595d7 wp-block-columns-is-layout-flex\">\n<div class=\"wp-block-column is-vertically-aligned-center is-layout-flow wp-block-column-is-layout-flow\" style=\"flex-basis:100%\">\n<div class=\"wp-block-group\"><div class=\"wp-block-group__inner-container is-layout-flow wp-block-group-is-layout-flow\">\n<div class=\"wp-block-columns is-layout-flex wp-container-core-columns-is-layout-9d6595d7 wp-block-columns-is-layout-flex\">\n<div class=\"wp-block-column is-layout-flow wp-block-column-is-layout-flow\" style=\"flex-basis:100%\">\n<figure class=\"wp-block-table is-style-regular\"><table><tbody><tr><td class=\"has-text-align-center\" data-align=\"center\"><a href=\"https:\/\/www.lepetitatelierdelily.fr\/?product=sac\"><img decoding=\"async\" src=\"https:\/\/i0.wp.com\/www.lepetitatelierdelily.fr\/wp-content\/uploads\/2019\/11\/Le-petit-atelier-de-Lily-Sac-bandouliere-bleuet-7.jpg?fit=719%2C600&amp;ssl=1\"><\/a><\/td><td class=\"has-text-align-center\" data-align=\"center\"><a href=\"https:\/\/www.lepetitatelierdelily.fr\/?product=sac-seau-ou-sac-bourse\"><img decoding=\"async\" src=\"https:\/\/i0.wp.com\/www.lepetitatelierdelily.fr\/wp-content\/uploads\/2019\/11\/Le-petit-atelier-de-Lily-Sac-bourse-ou-sau-1.jpg?fit=600%2C600&amp;ssl=1\" alt=\"Le petit atelier de Lily - Sac sau ou bourse\"><\/a><\/td><td class=\"has-text-align-center\" data-align=\"center\"><a href=\"https:\/\/www.lepetitatelierdelily.fr\/?product=sac-coquelicot\"><img decoding=\"async\" src=\"https:\/\/i0.wp.com\/www.lepetitatelierdelily.fr\/wp-content\/uploads\/2019\/12\/Le-petit-atelier-de-Lily-Sac-Jonquille-3.jpg?fit=800%2C578&amp;ssl=1\"><\/a><\/td><\/tr><tr><td class=\"has-text-align-center\" data-align=\"center\">  <a href=\"https:\/\/www.lepetitatelierdelily.fr\/?product=sacoche-bandouliere-et-taille\"><img decoding=\"async\" src=\"https:\/\/i1.wp.com\/www.lepetitatelierdelily.fr\/wp-content\/uploads\/2020\/04\/Le-petit-atelier-de-Lily-Sacoche-bandouli%C3%A8re-mer-2.jpg?resize=300%2C300&amp;ssl=1\" alt=\"Le petit atelier de Lily Sacoche bandouli\u00e8re mer\"><\/a><\/td><td class=\"has-text-align-center\" data-align=\"center\"><a href=\"https:\/\/www.lepetitatelierdelily.fr\/?product=sac-banane\"><img decoding=\"async\" src=\"https:\/\/i0.wp.com\/www.lepetitatelierdelily.fr\/wp-content\/uploads\/2019\/12\/Le-petit-atelier-de-Lily-Sac-banane-10-e1575578119428.jpg?fit=400%2C287&amp;ssl=1\"><\/a><\/td><td class=\"has-text-align-center\" data-align=\"center\"><a href=\"https:\/\/www.lepetitatelierdelily.fr\/?product=trousse-de-maquillage\"><img decoding=\"async\" src=\"https:\/\/i2.wp.com\/www.lepetitatelierdelily.fr\/wp-content\/uploads\/2019\/12\/Le-petit-atelier-de-Lily-Trousse-de-maquillage-14.jpg?fit=800%2C600&amp;ssl=1\"><\/a><\/td><\/tr><tr><td class=\"has-text-align-center\" data-align=\"center\"><a href=\"https:\/\/www.lepetitatelierdelily.fr\/?product=trousse-de-toilette\"><img decoding=\"async\" src=\"https:\/\/i2.wp.com\/www.lepetitatelierdelily.fr\/wp-content\/uploads\/2019\/12\/Le-petit-atelier-de-Lily-Trousse-de-toilette5.jpg?fit=734%2C600&amp;ssl=1\"><\/a><\/td><td class=\"has-text-align-center\" data-align=\"center\"><a href=\"https:\/\/www.lepetitatelierdelily.fr\/?product=trousse-de-toilette\"><img decoding=\"async\" src=\"https:\/\/i1.wp.com\/www.lepetitatelierdelily.fr\/wp-content\/uploads\/2019\/12\/Le-petit-atelier-de-Lily-Trousse-de-toilette8.jpg?fit=800%2C457&amp;ssl=1\"><\/a><\/td><td class=\"has-text-align-center\" data-align=\"center\"><a href=\"https:\/\/www.lepetitatelierdelily.fr\/?product=trousse-de-toilette\"><img decoding=\"async\" src=\"https:\/\/i0.wp.com\/www.lepetitatelierdelily.fr\/wp-content\/uploads\/2019\/12\/Le-petit-atelier-de-Lily-Trousse-de-toilette2.jpg?fit=800%2C514&amp;ssl=1\"><\/a>  <\/td><\/tr><tr><td class=\"has-text-align-center\" data-align=\"center\"><a href=\"https:\/\/www.lepetitatelierdelily.fr\/?product=vanity\"><img data-recalc-dims=\"1\" decoding=\"async\" src=\"https:\/\/i0.wp.com\/www.lepetitatelierdelily.fr\/wp-content\/uploads\/2020\/12\/vanity-bleu.jpeg?w=960&#038;ssl=1\" alt=\"\"><\/a><\/td><td class=\"has-text-align-center\" data-align=\"center\"><a href=\"https:\/\/www.lepetitatelierdelily.fr\/?product=pochette\"><img decoding=\"async\" src=\"https:\/\/i1.wp.com\/www.lepetitatelierdelily.fr\/wp-content\/uploads\/2019\/12\/Le-petit-atelier-de-Lily-Pochette-1.jpg?fit=800%2C496&amp;ssl=1\" alt=\"Le petit atelier de Lily Pochette\"><\/a><\/td><td class=\"has-text-align-center\" data-align=\"center\"><a href=\"https:\/\/www.lepetitatelierdelily.fr\/?product=protege-carnet-de-sante-personnalise\"><img decoding=\"async\" src=\"https:\/\/i2.wp.com\/www.lepetitatelierdelily.fr\/wp-content\/uploads\/2019\/12\/Le-petit-atelier-de-Lily-Protege-carnet-de-sante-personnalise-10.jpg?fit=600%2C773&amp;ssl=1\"><\/a><\/td><\/tr><tr><td class=\"has-text-align-center\" data-align=\"center\"><a href=\"https:\/\/www.lepetitatelierdelily.fr\/?page_id=7458\"><img decoding=\"async\" src=\"https:\/\/i0.wp.com\/www.lepetitatelierdelily.fr\/wp-content\/uploads\/2021\/01\/9.jpg?resize=960%2C620&amp;ssl=1\" alt=\"shamballas\"><\/a><\/td><td class=\"has-text-align-center\" data-align=\"center\"><\/td><td class=\"has-text-align-center\" data-align=\"center\"><\/td><\/tr><\/tbody><\/table><\/figure>\n<\/div>\n<\/div>\n<\/div><\/div>\n<\/div>\n<\/div>\n","protected":false},"excerpt":{"rendered":"<p>Mise \u00e0 jour le 05\/09\/2021<\/p>\n","protected":false},"author":1,"featured_media":0,"parent":0,"menu_order":0,"comment_status":"closed","ping_status":"closed","template":"","meta":{"remove_blocks_before_content":false,"remove_blocks_after_content":false,"countdown_timer_date_events":"","disable_reading_progress_bar":false,"footnotes":""},"class_list":["post-7395","page","type-page","status-publish","hentry"],"yoast_head":"<!-- This site is optimized with the Yoast SEO plugin v27.4 - https:\/\/yoast.com\/product\/yoast-seo-wordpress\/ -->\n<title>PROMOTIONS - Le petit atelier de Lily<\/title>\n<meta name=\"description\" content=\"Profitez des remises sp\u00e9ciales liquidation sur tous les articles restants en stock. Attention quantit\u00e9 limit\u00e9e !\" \/>\n<meta name=\"robots\" content=\"index, follow, max-snippet:-1, max-image-preview:large, max-video-preview:-1\" \/>\n<link rel=\"canonical\" href=\"https:\/\/www.lepetitatelierdelily.fr\/?page_id=7395\" \/>\n<meta property=\"og:locale\" content=\"fr_FR\" \/>\n<meta property=\"og:type\" content=\"article\" \/>\n<meta property=\"og:title\" content=\"Le petit atelier de Lily PROMOTIONS -\" \/>\n<meta property=\"og:description\" content=\"Profitez des remises sp\u00e9ciales liquidation sur tous les articles restants en stock. Attention quantit\u00e9 limit\u00e9e !\" \/>\n<meta property=\"og:url\" content=\"https:\/\/www.lepetitatelierdelily.fr\/?page_id=7395\" \/>\n<meta property=\"og:site_name\" content=\"Le petit atelier de Lily\" \/>\n<meta property=\"article:publisher\" content=\"https:\/\/www.facebook.com\/lepetitatelierdelily\/?ref=bookmarks\" \/>\n<meta property=\"article:modified_time\" content=\"2024-07-24T19:23:34+00:00\" \/>\n<meta property=\"og:image\" content=\"https:\/\/www.lepetitatelierdelily.fr\/wp-content\/uploads\/2020\/08\/Le-petit-atelier-de-lily-sac-triple-poches_02.jpg\" \/>\n\t<meta property=\"og:image:width\" content=\"800\" \/>\n\t<meta property=\"og:image:height\" content=\"582\" \/>\n\t<meta property=\"og:image:type\" content=\"image\/jpeg\" \/>\n<meta name=\"twitter:card\" content=\"summary_large_image\" \/>\n<meta name=\"twitter:label1\" content=\"Dur\u00e9e de lecture estim\u00e9e\" \/>\n\t<meta name=\"twitter:data1\" content=\"3 minutes\" \/>\n<script type=\"application\/ld+json\" class=\"yoast-schema-graph\">{\"@context\":\"https:\\\/\\\/schema.org\",\"@graph\":[{\"@type\":\"WebPage\",\"@id\":\"https:\\\/\\\/www.lepetitatelierdelily.fr\\\/?page_id=7395\",\"url\":\"https:\\\/\\\/www.lepetitatelierdelily.fr\\\/?page_id=7395\",\"name\":\"PROMOTIONS - Le petit atelier de Lily\",\"isPartOf\":{\"@id\":\"https:\\\/\\\/www.lepetitatelierdelily.fr\\\/#website\"},\"primaryImageOfPage\":{\"@id\":\"https:\\\/\\\/www.lepetitatelierdelily.fr\\\/?page_id=7395#primaryimage\"},\"image\":{\"@id\":\"https:\\\/\\\/www.lepetitatelierdelily.fr\\\/?page_id=7395#primaryimage\"},\"thumbnailUrl\":\"https:\\\/\\\/i0.wp.com\\\/www.lepetitatelierdelily.fr\\\/wp-content\\\/uploads\\\/2019\\\/11\\\/Le-petit-atelier-de-Lily-Sac-bandouliere-bleuet-7.jpg?fit=719%2C600&amp;ssl=1\",\"datePublished\":\"2020-12-29T20:16:05+00:00\",\"dateModified\":\"2024-07-24T19:23:34+00:00\",\"description\":\"Profitez des remises sp\u00e9ciales liquidation sur tous les articles restants en stock. Attention quantit\u00e9 limit\u00e9e !\",\"breadcrumb\":{\"@id\":\"https:\\\/\\\/www.lepetitatelierdelily.fr\\\/?page_id=7395#breadcrumb\"},\"inLanguage\":\"fr-FR\",\"potentialAction\":[{\"@type\":\"ReadAction\",\"target\":[\"https:\\\/\\\/www.lepetitatelierdelily.fr\\\/?page_id=7395\"]}]},{\"@type\":\"ImageObject\",\"inLanguage\":\"fr-FR\",\"@id\":\"https:\\\/\\\/www.lepetitatelierdelily.fr\\\/?page_id=7395#primaryimage\",\"url\":\"https:\\\/\\\/i0.wp.com\\\/www.lepetitatelierdelily.fr\\\/wp-content\\\/uploads\\\/2019\\\/11\\\/Le-petit-atelier-de-Lily-Sac-bandouliere-bleuet-7.jpg?fit=719%2C600&amp;ssl=1\",\"contentUrl\":\"https:\\\/\\\/i0.wp.com\\\/www.lepetitatelierdelily.fr\\\/wp-content\\\/uploads\\\/2019\\\/11\\\/Le-petit-atelier-de-Lily-Sac-bandouliere-bleuet-7.jpg?fit=719%2C600&amp;ssl=1\"},{\"@type\":\"BreadcrumbList\",\"@id\":\"https:\\\/\\\/www.lepetitatelierdelily.fr\\\/?page_id=7395#breadcrumb\",\"itemListElement\":[{\"@type\":\"ListItem\",\"position\":1,\"name\":\"Accueil\",\"item\":\"https:\\\/\\\/www.lepetitatelierdelily.fr\\\/\"},{\"@type\":\"ListItem\",\"position\":2,\"name\":\"PROMOTIONS\"}]},{\"@type\":\"WebSite\",\"@id\":\"https:\\\/\\\/www.lepetitatelierdelily.fr\\\/#website\",\"url\":\"https:\\\/\\\/www.lepetitatelierdelily.fr\\\/\",\"name\":\"Le petit atelier de Lily\",\"description\":\"Les STRASS sont l\u00e0 de jour, comme de nuit !\",\"potentialAction\":[{\"@type\":\"SearchAction\",\"target\":{\"@type\":\"EntryPoint\",\"urlTemplate\":\"https:\\\/\\\/www.lepetitatelierdelily.fr\\\/?s={search_term_string}\"},\"query-input\":{\"@type\":\"PropertyValueSpecification\",\"valueRequired\":true,\"valueName\":\"search_term_string\"}}],\"inLanguage\":\"fr-FR\"}]}<\/script>\n<!-- \/ Yoast SEO plugin. -->","yoast_head_json":{"title":"PROMOTIONS - Le petit atelier de Lily","description":"Profitez des remises sp\u00e9ciales liquidation sur tous les articles restants en stock. Attention quantit\u00e9 limit\u00e9e !","robots":{"index":"index","follow":"follow","max-snippet":"max-snippet:-1","max-image-preview":"max-image-preview:large","max-video-preview":"max-video-preview:-1"},"canonical":"https:\/\/www.lepetitatelierdelily.fr\/?page_id=7395","og_locale":"fr_FR","og_type":"article","og_title":"Le petit atelier de Lily PROMOTIONS -","og_description":"Profitez des remises sp\u00e9ciales liquidation sur tous les articles restants en stock. Attention quantit\u00e9 limit\u00e9e !","og_url":"https:\/\/www.lepetitatelierdelily.fr\/?page_id=7395","og_site_name":"Le petit atelier de Lily","article_publisher":"https:\/\/www.facebook.com\/lepetitatelierdelily\/?ref=bookmarks","article_modified_time":"2024-07-24T19:23:34+00:00","og_image":[{"width":800,"height":582,"url":"https:\/\/www.lepetitatelierdelily.fr\/wp-content\/uploads\/2020\/08\/Le-petit-atelier-de-lily-sac-triple-poches_02.jpg","type":"image\/jpeg"}],"twitter_card":"summary_large_image","twitter_misc":{"Dur\u00e9e de lecture estim\u00e9e":"3 minutes"},"schema":{"@context":"https:\/\/schema.org","@graph":[{"@type":"WebPage","@id":"https:\/\/www.lepetitatelierdelily.fr\/?page_id=7395","url":"https:\/\/www.lepetitatelierdelily.fr\/?page_id=7395","name":"PROMOTIONS - Le petit atelier de Lily","isPartOf":{"@id":"https:\/\/www.lepetitatelierdelily.fr\/#website"},"primaryImageOfPage":{"@id":"https:\/\/www.lepetitatelierdelily.fr\/?page_id=7395#primaryimage"},"image":{"@id":"https:\/\/www.lepetitatelierdelily.fr\/?page_id=7395#primaryimage"},"thumbnailUrl":"https:\/\/i0.wp.com\/www.lepetitatelierdelily.fr\/wp-content\/uploads\/2019\/11\/Le-petit-atelier-de-Lily-Sac-bandouliere-bleuet-7.jpg?fit=719%2C600&amp;ssl=1","datePublished":"2020-12-29T20:16:05+00:00","dateModified":"2024-07-24T19:23:34+00:00","description":"Profitez des remises sp\u00e9ciales liquidation sur tous les articles restants en stock. Attention quantit\u00e9 limit\u00e9e !","breadcrumb":{"@id":"https:\/\/www.lepetitatelierdelily.fr\/?page_id=7395#breadcrumb"},"inLanguage":"fr-FR","potentialAction":[{"@type":"ReadAction","target":["https:\/\/www.lepetitatelierdelily.fr\/?page_id=7395"]}]},{"@type":"ImageObject","inLanguage":"fr-FR","@id":"https:\/\/www.lepetitatelierdelily.fr\/?page_id=7395#primaryimage","url":"https:\/\/i0.wp.com\/www.lepetitatelierdelily.fr\/wp-content\/uploads\/2019\/11\/Le-petit-atelier-de-Lily-Sac-bandouliere-bleuet-7.jpg?fit=719%2C600&amp;ssl=1","contentUrl":"https:\/\/i0.wp.com\/www.lepetitatelierdelily.fr\/wp-content\/uploads\/2019\/11\/Le-petit-atelier-de-Lily-Sac-bandouliere-bleuet-7.jpg?fit=719%2C600&amp;ssl=1"},{"@type":"BreadcrumbList","@id":"https:\/\/www.lepetitatelierdelily.fr\/?page_id=7395#breadcrumb","itemListElement":[{"@type":"ListItem","position":1,"name":"Accueil","item":"https:\/\/www.lepetitatelierdelily.fr\/"},{"@type":"ListItem","position":2,"name":"PROMOTIONS"}]},{"@type":"WebSite","@id":"https:\/\/www.lepetitatelierdelily.fr\/#website","url":"https:\/\/www.lepetitatelierdelily.fr\/","name":"Le petit atelier de Lily","description":"Les STRASS sont l\u00e0 de jour, comme de nuit !","potentialAction":[{"@type":"SearchAction","target":{"@type":"EntryPoint","urlTemplate":"https:\/\/www.lepetitatelierdelily.fr\/?s={search_term_string}"},"query-input":{"@type":"PropertyValueSpecification","valueRequired":true,"valueName":"search_term_string"}}],"inLanguage":"fr-FR"}]}},"jetpack_sharing_enabled":true,"_links":{"self":[{"href":"https:\/\/www.lepetitatelierdelily.fr\/index.php?rest_route=\/wp\/v2\/pages\/7395","targetHints":{"allow":["GET"]}}],"collection":[{"href":"https:\/\/www.lepetitatelierdelily.fr\/index.php?rest_route=\/wp\/v2\/pages"}],"about":[{"href":"https:\/\/www.lepetitatelierdelily.fr\/index.php?rest_route=\/wp\/v2\/types\/page"}],"author":[{"embeddable":true,"href":"https:\/\/www.lepetitatelierdelily.fr\/index.php?rest_route=\/wp\/v2\/users\/1"}],"replies":[{"embeddable":true,"href":"https:\/\/www.lepetitatelierdelily.fr\/index.php?rest_route=%2Fwp%2Fv2%2Fcomments&post=7395"}],"version-history":[{"count":92,"href":"https:\/\/www.lepetitatelierdelily.fr\/index.php?rest_route=\/wp\/v2\/pages\/7395\/revisions"}],"predecessor-version":[{"id":10491,"href":"https:\/\/www.lepetitatelierdelily.fr\/index.php?rest_route=\/wp\/v2\/pages\/7395\/revisions\/10491"}],"wp:attachment":[{"href":"https:\/\/www.lepetitatelierdelily.fr\/index.php?rest_route=%2Fwp%2Fv2%2Fmedia&parent=7395"}],"curies":[{"name":"wp","href":"https:\/\/api.w.org\/{rel}","templated":true}]}}